




{"id":15252,"date":"2025-06-27T11:04:54","date_gmt":"2025-06-27T11:04:54","guid":{"rendered":"https:\/\/dev.akademiata.pl\/studiuj-to-co-sie-oplaca\/"},"modified":"2025-06-27T11:04:54","modified_gmt":"2025-06-27T11:04:54","slug":"studiuj-to-co-sie-oplaca","status":"publish","type":"page","link":"https:\/\/dev.akademiata.pl\/en\/studiuj-to-co-sie-oplaca\/","title":{"rendered":"Studiuj to, co si\u0119 op\u0142aca"},"content":{"rendered":"<h2><strong>Akademia Techniczno-Artystyczna (dawniej WSEiZ) \u2013 uczelnia z najwy\u017cszym zwrotem z inwestycji<\/strong><\/h2>\n<p>Wyb\u00f3r studi\u00f3w to inwestycja. Czas, wysi\u0142ek, pieni\u0105dze \u2013 wszystko po to, by zapewni\u0107 sobie lepsz\u0105 przysz\u0142o\u015b\u0107.<br \/>\nAle sk\u0105d mie\u0107 pewno\u015b\u0107, \u017ce wybrany kierunek naprawd\u0119 si\u0119 op\u0142aci?<br \/>\nMy mamy odpowied\u017a: dane.<br \/>\nI to nie byle jakie, bo z oficjalnego rz\u0105dowego systemu <strong>ELA (Ekonomiczne Losy Absolwent\u00f3w).<\/strong><\/p>\n<p>W rankingu <strong>ELA 2025<\/strong> absolwenci Akademii Techniczno-Artystycznej (dawniej WSEiZ) regularnie zajmuj\u0105 najwy\u017csze miejsca w Polsce pod wzgl\u0119dem zarobk\u00f3w i zatrudnienia ju\u017c w pierwszym roku po studiach.<\/p>\n<p>TOP kierunki z Akademii w rankingu ELA 2025<\/p>\n<h3>Miejsce 1 w Polsce:<\/h3>\n<p>Budownictwo, II stopnia<br \/>\nOchrona \u015arodowiska, I stopnia<br \/>\nOchrona \u015arodowiska, II stopnia<br \/>\nArchitektura Wn\u0119trz, II stopnia<br \/>\nArchitektura Krajobrazu, I stopnia<\/p>\n<h3>Miejsce 2 w Polsce:<\/h3>\n<p>Budownictwo, I stopnia<br \/>\nZarz\u0105dzanie i In\u017cynieria Produkcji, I stopnia<br \/>\nOchrona \u015arodowiska, II stopnia<\/p>\n<h3>Miejsce 3 w Polsce:<\/h3>\n<p>Mechanika i Budowa Maszyn, I stopnia<br \/>\nWzornictwo, II stopnia<br \/>\nArchitektura Wn\u0119trz, II stopnia<br \/>\nArchitektura, I stopnia<\/p>\n<p><em>\u00a0\u0179r\u00f3d\u0142o: ELA 2025 \u2013 dane z ZUS, publikowane przez Ministerstwo Nauki<\/em><br \/>\n<em>Ranking oparty na medianie miesi\u0119cznych zarobk\u00f3w absolwent\u00f3w w pierwszym roku po dyplomie<\/em><\/p>\n<p>&nbsp;<\/p>\n<h2>Dlaczego Akademia?<\/h2>\n<p>Po\u0142\u0105czenie WSEiZ i ATA stworzy\u0142o now\u0105 jako\u015b\u0107 w edukacji \u2013 Akademi\u0119, kt\u00f3ra \u0142\u0105czy in\u017cynieri\u0119, sztuk\u0119 i \u015brodowisko w unikalny spos\u00f3b.<\/p>\n<p>Co nas wyr\u00f3\u017cnia?<\/p>\n<p>\u2705 Pozycje lidera w og\u00f3lnopolskich rankingach<br \/>\n\u2705 Najlepiej op\u0142acani absolwenci w kraju<br \/>\n\u2705 Kierunki praktyczne, nowoczesne i poszukiwane na rynku<br \/>\n\u2705 Po\u0142\u0105czenie techniki i sztuki \u2013 interdyscyplinarno\u015b\u0107 to przysz\u0142o\u015b\u0107<br \/>\n\u2705 Silne relacje z biznesem, bran\u017c\u0105 projektow\u0105 i techniczn\u0105<br \/>\n\u2705 Szybka \u015bcie\u017cka kariery \u2013 wielu absolwent\u00f3w nie szuka pracy, bo jest rekrutowanych jeszcze na studiach<\/p>\n<h3>To si\u0119 po prostu op\u0142aca<\/h3>\n<p>W Akademii nie studiujesz \u201edla papierka\u201d. Studiujesz dla kompetencji, dla pracy i dla zarobk\u00f3w, kt\u00f3re pozwalaj\u0105 szybko uniezale\u017cni\u0107 si\u0119 finansowo i rozwija\u0107 si\u0119 zawodowo.<\/p>\n<p>Rekrutacja trwa \u2013 wybierz sw\u00f3j kierunek ju\u017c dzi\u015b!<\/p>\n<p>Zapisz si\u0119 na studia, kt\u00f3re zmieniaj\u0105 \u017cycie.<br \/>\nWybierz kierunek, kt\u00f3ry daje realn\u0105 przewag\u0119.<br \/>\nStudiuj to, co si\u0119 op\u0142aca.<\/p>\n","protected":false},"excerpt":{"rendered":"<p>Akademia Techniczno-Artystyczna (dawniej WSEiZ) \u2013 uczelnia z najwy\u017cszym zwrotem z inwestycji Wyb\u00f3r studi\u00f3w to inwestycja. Czas, wysi\u0142ek, pieni\u0105dze \u2013 wszystko po to, by zapewni\u0107 sobie lepsz\u0105 przysz\u0142o\u015b\u0107. Ale sk\u0105d mie\u0107 pewno\u015b\u0107, \u017ce wybrany kierunek naprawd\u0119 si\u0119 op\u0142aci? My mamy odpowied\u017a: dane. I to nie byle jakie, bo z oficjalnego rz\u0105dowego systemu ELA (Ekonomiczne Losy Absolwent\u00f3w). [&hellip;]<\/p>\n","protected":false},"author":1,"featured_media":0,"parent":0,"menu_order":0,"comment_status":"closed","ping_status":"closed","template":"page-ranking-ela.php","meta":{"_acf_changed":false,"footnotes":""},"class_list":["post-15252","page","type-page","status-publish","hentry"],"acf":[],"_links":{"self":[{"href":"https:\/\/dev.akademiata.pl\/en\/wp-json\/wp\/v2\/pages\/15252","targetHints":{"allow":["GET"]}}],"collection":[{"href":"https:\/\/dev.akademiata.pl\/en\/wp-json\/wp\/v2\/pages"}],"about":[{"href":"https:\/\/dev.akademiata.pl\/en\/wp-json\/wp\/v2\/types\/page"}],"author":[{"embeddable":true,"href":"https:\/\/dev.akademiata.pl\/en\/wp-json\/wp\/v2\/users\/1"}],"replies":[{"embeddable":true,"href":"https:\/\/dev.akademiata.pl\/en\/wp-json\/wp\/v2\/comments?post=15252"}],"version-history":[{"count":0,"href":"https:\/\/dev.akademiata.pl\/en\/wp-json\/wp\/v2\/pages\/15252\/revisions"}],"wp:attachment":[{"href":"https:\/\/dev.akademiata.pl\/en\/wp-json\/wp\/v2\/media?parent=15252"}],"curies":[{"name":"wp","href":"https:\/\/api.w.org\/{rel}","templated":true}]}}